{"id":702,"date":"2022-11-15T13:35:27","date_gmt":"2022-11-15T11:35:27","guid":{"rendered":"https:\/\/rannakodu.ee\/palvelut\/sauna\/"},"modified":"2022-11-28T15:38:39","modified_gmt":"2022-11-28T13:38:39","slug":"sauna","status":"publish","type":"page","link":"https:\/\/rannakodu.ee\/fi\/palvelut\/sauna\/","title":{"rendered":"Sauna"},"content":{"rendered":"\n<p>Puul\u00e4mmitteisen saunam\u00f6kin lauteille mahtuu kerrallaan noin 4-5 henke\u00e4.<\/p>\n","protected":false},"excerpt":{"rendered":"<p>Puul\u00e4mmitteisen saunam\u00f6kin lauteille mahtuu kerrallaan noin 4-5 henke\u00e4.<\/p>\n","protected":false},"author":1,"featured_media":247,"parent":618,"menu_order":4,"comment_status":"closed","ping_status":"closed","template":"","meta":{"footnotes":""},"class_list":["post-702","page","type-page","status-publish","has-post-thumbnail","hentry"],"acf":[],"yoast_head":"<!-- This site is optimized with the Yoast SEO plugin v19.10 - https:\/\/yoast.com\/wordpress\/plugins\/seo\/ -->\n<title>Sauna - Rannakodu<\/title>\n<meta name=\"robots\" content=\"index, follow, max-snippet:-1, max-image-preview:large, max-video-preview:-1\" \/>\n<link rel=\"canonical\" href=\"https:\/\/rannakodu.ee\/fi\/palvelut\/sauna\/\" \/>\n<meta property=\"og:locale\" content=\"fi_FI\" \/>\n<meta property=\"og:type\" content=\"article\" \/>\n<meta property=\"og:title\" content=\"Sauna - Rannakodu\" \/>\n<meta property=\"og:description\" content=\"Puul\u00e4mmitteisen saunam\u00f6kin lauteille mahtuu kerrallaan noin 4-5 henke\u00e4.\" \/>\n<meta property=\"og:url\" content=\"https:\/\/rannakodu.ee\/fi\/palvelut\/sauna\/\" \/>\n<meta property=\"og:site_name\" content=\"Rannakodu\" \/>\n<meta property=\"article:publisher\" content=\"https:\/\/www.facebook.com\/rannakodu.ee\/\" \/>\n<meta property=\"article:modified_time\" content=\"2022-11-28T13:38:39+00:00\" \/>\n<meta property=\"og:image\" content=\"https:\/\/rannakodu.ee\/wp-content\/uploads\/Foto-25-scaled.jpg\" \/>\n\t<meta property=\"og:image:width\" content=\"2560\" \/>\n\t<meta property=\"og:image:height\" content=\"1702\" \/>\n\t<meta property=\"og:image:type\" content=\"image\/jpeg\" \/>\n<meta name=\"twitter:card\" content=\"summary_large_image\" \/>\n<script type=\"application\/ld+json\" class=\"yoast-schema-graph\">{\"@context\":\"https:\/\/schema.org\",\"@graph\":[{\"@type\":\"WebPage\",\"@id\":\"https:\/\/rannakodu.ee\/fi\/palvelut\/sauna\/\",\"url\":\"https:\/\/rannakodu.ee\/fi\/palvelut\/sauna\/\",\"name\":\"Sauna - Rannakodu\",\"isPartOf\":{\"@id\":\"https:\/\/rannakodu.ee\/fi\/#website\"},\"datePublished\":\"2022-11-15T11:35:27+00:00\",\"dateModified\":\"2022-11-28T13:38:39+00:00\",\"breadcrumb\":{\"@id\":\"https:\/\/rannakodu.ee\/fi\/palvelut\/sauna\/#breadcrumb\"},\"inLanguage\":\"fi\",\"potentialAction\":[{\"@type\":\"ReadAction\",\"target\":[\"https:\/\/rannakodu.ee\/fi\/palvelut\/sauna\/\"]}]},{\"@type\":\"BreadcrumbList\",\"@id\":\"https:\/\/rannakodu.ee\/fi\/palvelut\/sauna\/#breadcrumb\",\"itemListElement\":[{\"@type\":\"ListItem\",\"position\":1,\"name\":\"Etusivu\",\"item\":\"https:\/\/rannakodu.ee\/fi\/\"},{\"@type\":\"ListItem\",\"position\":2,\"name\":\"Palvelut\",\"item\":\"https:\/\/rannakodu.ee\/fi\/palvelut\/\"},{\"@type\":\"ListItem\",\"position\":3,\"name\":\"Sauna\"}]},{\"@type\":\"WebSite\",\"@id\":\"https:\/\/rannakodu.ee\/fi\/#website\",\"url\":\"https:\/\/rannakodu.ee\/fi\/\",\"name\":\"Rannakodu\",\"description\":\"\",\"publisher\":{\"@id\":\"https:\/\/rannakodu.ee\/fi\/#organization\"},\"potentialAction\":[{\"@type\":\"SearchAction\",\"target\":{\"@type\":\"EntryPoint\",\"urlTemplate\":\"https:\/\/rannakodu.ee\/fi\/?s={search_term_string}\"},\"query-input\":\"required name=search_term_string\"}],\"inLanguage\":\"fi\"},{\"@type\":\"Organization\",\"@id\":\"https:\/\/rannakodu.ee\/fi\/#organization\",\"name\":\"Rannakodu\",\"url\":\"https:\/\/rannakodu.ee\/fi\/\",\"logo\":{\"@type\":\"ImageObject\",\"inLanguage\":\"fi\",\"@id\":\"https:\/\/rannakodu.ee\/fi\/#\/schema\/logo\/image\/\",\"url\":\"https:\/\/rannakodu.ee\/wp-content\/uploads\/logo-rannakodu-1.png\",\"contentUrl\":\"https:\/\/rannakodu.ee\/wp-content\/uploads\/logo-rannakodu-1.png\",\"width\":173,\"height\":79,\"caption\":\"Rannakodu\"},\"image\":{\"@id\":\"https:\/\/rannakodu.ee\/fi\/#\/schema\/logo\/image\/\"},\"sameAs\":[\"https:\/\/www.facebook.com\/rannakodu.ee\/\"]}]}<\/script>\n<!-- \/ Yoast SEO plugin. -->","yoast_head_json":{"title":"Sauna - Rannakodu","robots":{"index":"index","follow":"follow","max-snippet":"max-snippet:-1","max-image-preview":"max-image-preview:large","max-video-preview":"max-video-preview:-1"},"canonical":"https:\/\/rannakodu.ee\/fi\/palvelut\/sauna\/","og_locale":"fi_FI","og_type":"article","og_title":"Sauna - Rannakodu","og_description":"Puul\u00e4mmitteisen saunam\u00f6kin lauteille mahtuu kerrallaan noin 4-5 henke\u00e4.","og_url":"https:\/\/rannakodu.ee\/fi\/palvelut\/sauna\/","og_site_name":"Rannakodu","article_publisher":"https:\/\/www.facebook.com\/rannakodu.ee\/","article_modified_time":"2022-11-28T13:38:39+00:00","og_image":[{"width":2560,"height":1702,"url":"https:\/\/rannakodu.ee\/wp-content\/uploads\/Foto-25-scaled.jpg","type":"image\/jpeg"}],"twitter_card":"summary_large_image","schema":{"@context":"https:\/\/schema.org","@graph":[{"@type":"WebPage","@id":"https:\/\/rannakodu.ee\/fi\/palvelut\/sauna\/","url":"https:\/\/rannakodu.ee\/fi\/palvelut\/sauna\/","name":"Sauna - Rannakodu","isPartOf":{"@id":"https:\/\/rannakodu.ee\/fi\/#website"},"datePublished":"2022-11-15T11:35:27+00:00","dateModified":"2022-11-28T13:38:39+00:00","breadcrumb":{"@id":"https:\/\/rannakodu.ee\/fi\/palvelut\/sauna\/#breadcrumb"},"inLanguage":"fi","potentialAction":[{"@type":"ReadAction","target":["https:\/\/rannakodu.ee\/fi\/palvelut\/sauna\/"]}]},{"@type":"BreadcrumbList","@id":"https:\/\/rannakodu.ee\/fi\/palvelut\/sauna\/#breadcrumb","itemListElement":[{"@type":"ListItem","position":1,"name":"Etusivu","item":"https:\/\/rannakodu.ee\/fi\/"},{"@type":"ListItem","position":2,"name":"Palvelut","item":"https:\/\/rannakodu.ee\/fi\/palvelut\/"},{"@type":"ListItem","position":3,"name":"Sauna"}]},{"@type":"WebSite","@id":"https:\/\/rannakodu.ee\/fi\/#website","url":"https:\/\/rannakodu.ee\/fi\/","name":"Rannakodu","description":"","publisher":{"@id":"https:\/\/rannakodu.ee\/fi\/#organization"},"potentialAction":[{"@type":"SearchAction","target":{"@type":"EntryPoint","urlTemplate":"https:\/\/rannakodu.ee\/fi\/?s={search_term_string}"},"query-input":"required name=search_term_string"}],"inLanguage":"fi"},{"@type":"Organization","@id":"https:\/\/rannakodu.ee\/fi\/#organization","name":"Rannakodu","url":"https:\/\/rannakodu.ee\/fi\/","logo":{"@type":"ImageObject","inLanguage":"fi","@id":"https:\/\/rannakodu.ee\/fi\/#\/schema\/logo\/image\/","url":"https:\/\/rannakodu.ee\/wp-content\/uploads\/logo-rannakodu-1.png","contentUrl":"https:\/\/rannakodu.ee\/wp-content\/uploads\/logo-rannakodu-1.png","width":173,"height":79,"caption":"Rannakodu"},"image":{"@id":"https:\/\/rannakodu.ee\/fi\/#\/schema\/logo\/image\/"},"sameAs":["https:\/\/www.facebook.com\/rannakodu.ee\/"]}]}},"_links":{"self":[{"href":"https:\/\/rannakodu.ee\/fi\/wp-json\/wp\/v2\/pages\/702","targetHints":{"allow":["GET"]}}],"collection":[{"href":"https:\/\/rannakodu.ee\/fi\/wp-json\/wp\/v2\/pages"}],"about":[{"href":"https:\/\/rannakodu.ee\/fi\/wp-json\/wp\/v2\/types\/page"}],"author":[{"embeddable":true,"href":"https:\/\/rannakodu.ee\/fi\/wp-json\/wp\/v2\/users\/1"}],"replies":[{"embeddable":true,"href":"https:\/\/rannakodu.ee\/fi\/wp-json\/wp\/v2\/comments?post=702"}],"version-history":[{"count":1,"href":"https:\/\/rannakodu.ee\/fi\/wp-json\/wp\/v2\/pages\/702\/revisions"}],"predecessor-version":[{"id":703,"href":"https:\/\/rannakodu.ee\/fi\/wp-json\/wp\/v2\/pages\/702\/revisions\/703"}],"up":[{"embeddable":true,"href":"https:\/\/rannakodu.ee\/fi\/wp-json\/wp\/v2\/pages\/618"}],"wp:featuredmedia":[{"embeddable":true,"href":"https:\/\/rannakodu.ee\/fi\/wp-json\/wp\/v2\/media\/247"}],"wp:attachment":[{"href":"https:\/\/rannakodu.ee\/fi\/wp-json\/wp\/v2\/media?parent=702"}],"curies":[{"name":"wp","href":"https:\/\/api.w.org\/{rel}","templated":true}]}}